{"id":14,"date":"2023-01-24T17:37:13","date_gmt":"2023-01-24T17:37:13","guid":{"rendered":"http:\/\/solammerswil.ch\/?page_id=14"},"modified":"2023-10-15T14:58:47","modified_gmt":"2023-10-15T14:58:47","slug":"dokumemte","status":"publish","type":"page","link":"https:\/\/solammerswil.ch\/?page_id=14","title":{"rendered":"Dokumente"},"content":{"rendered":"\n<p class=\"has-black-color has-luminous-vivid-amber-background-color has-text-color has-background\"><mark style=\"background-color:rgba(0, 0, 0, 0);color:#8a0202\" class=\"has-inline-color\"><br><\/mark><strong>Mitglied werden?<\/strong><mark style=\"background-color:rgba(0, 0, 0, 0);color:#035d91\" class=\"has-inline-color\"><br><a rel=\"noreferrer noopener\" href=\"https:\/\/solammerswil.ch\/wp-content\/uploads\/2023\/02\/BeitrittserklaerungForm.docx\" target=\"_blank\">Beitrittserkl\u00e4rung  &#8211; zum Ausf\u00fcllen am PC<\/a><br><a rel=\"noreferrer noopener\" href=\"https:\/\/solammerswil.ch\/wp-content\/uploads\/2023\/02\/Beitrittserklaerung.pdf\" target=\"_blank\">Beitrittserkl\u00e4rung &#8211; zum handschriftlich ausf\u00fcllen<\/a><\/mark><br><\/p>\n\n\n\n<p><strong>Unterlagen Gr\u00fcndung<\/strong><\/p>\n\n\n\n<ul class=\"wp-block-list\">\n<li><a rel=\"noreferrer noopener\" href=\"https:\/\/solammerswil.ch\/wp-content\/uploads\/2023\/01\/Faktenblatt-SOLAmmeRswil-1.pdf\" target=\"_blank\">Faktenblatt<\/a><\/li>\n\n\n\n<li><a rel=\"noreferrer noopener\" href=\"https:\/\/solammerswil.ch\/wp-content\/uploads\/2023\/01\/SOLAmmeRswil-Infoveranstaltung-v6.pdf\" target=\"_blank\">Pr\u00e4sentation der Infoveranstaltung<\/a><\/li>\n\n\n\n<li><a rel=\"noreferrer noopener\" href=\"https:\/\/solammerswil.ch\/wp-content\/uploads\/2023\/05\/Protokoll-Gruendungsversammlung.pdf\" target=\"_blank\">Protokoll der Gr\u00fcndungsversammlung<\/a><\/li>\n\n\n\n<li><a href=\"https:\/\/solammerswil.ch\/wp-content\/uploads\/2023\/10\/Statuten-SOLAmmeRswil-20230616.pdf\" data-type=\"link\" data-id=\"https:\/\/solammerswil.ch\/wp-content\/uploads\/2023\/10\/Statuten-SOLAmmeRswil-20230616.pdf\">Statuten<\/a><\/li>\n<\/ul>\n","protected":false},"excerpt":{"rendered":"<p>Mitglied werden?Beitrittserkl\u00e4rung &#8211; zum Ausf\u00fcllen am PCBeitrittserkl\u00e4rung &#8211; zum handschriftlich ausf\u00fcllen Unterlagen Gr\u00fcndung<\/p>\n","protected":false},"author":2,"featured_media":0,"parent":0,"menu_order":0,"comment_status":"closed","ping_status":"closed","template":"","meta":{"footnotes":""},"class_list":["post-14","page","type-page","status-publish","hentry"],"_links":{"self":[{"href":"https:\/\/solammerswil.ch\/index.php?rest_route=\/wp\/v2\/pages\/14","targetHints":{"allow":["GET"]}}],"collection":[{"href":"https:\/\/solammerswil.ch\/index.php?rest_route=\/wp\/v2\/pages"}],"about":[{"href":"https:\/\/solammerswil.ch\/index.php?rest_route=\/wp\/v2\/types\/page"}],"author":[{"embeddable":true,"href":"https:\/\/solammerswil.ch\/index.php?rest_route=\/wp\/v2\/users\/2"}],"replies":[{"embeddable":true,"href":"https:\/\/solammerswil.ch\/index.php?rest_route=%2Fwp%2Fv2%2Fcomments&post=14"}],"version-history":[{"count":23,"href":"https:\/\/solammerswil.ch\/index.php?rest_route=\/wp\/v2\/pages\/14\/revisions"}],"predecessor-version":[{"id":206,"href":"https:\/\/solammerswil.ch\/index.php?rest_route=\/wp\/v2\/pages\/14\/revisions\/206"}],"wp:attachment":[{"href":"https:\/\/solammerswil.ch\/index.php?rest_route=%2Fwp%2Fv2%2Fmedia&parent=14"}],"curies":[{"name":"wp","href":"https:\/\/api.w.org\/{rel}","templated":true}]}}