{"id":194,"date":"2023-08-26T13:37:04","date_gmt":"2023-08-26T13:37:04","guid":{"rendered":"https:\/\/solammerswil.ch\/?page_id=194"},"modified":"2026-02-08T12:45:08","modified_gmt":"2026-02-08T12:45:08","slug":"ueber-uns","status":"publish","type":"page","link":"https:\/\/solammerswil.ch\/?page_id=194","title":{"rendered":"\u00fcber uns"},"content":{"rendered":"\n<p class=\"has-light-green-cyan-background-color has-background\">Die Idee eine Solargenossenschaft zu gr\u00fcnden entstand schon vor einiger Zeit und g\u00e4rte dann ein paar Jahre bis zur Reife. Pl\u00f6tzlich ging es schnell. Nach einer \u00f6ffentlichen Informationsveranstaltung im Januar 2023 wurde die Genossenschaft im April gegr\u00fcndet. Aus der drei k\u00f6pfigen Initiantengruppe ist in sehr kurzer Zeit eine offizielle Genossenschaft mit \u00fcber 50 Mitgliedern entstanden. Unser Ziel ist die Erstellung und der effiziente Betrieb von PV-Anlagen. Die Anlagen sollen im Baurecht vornehmlich auf geeigneten Dachfl\u00e4chen unserer Gemeindebauten erstellt werden. Momentan sind drei Projekte abschlossen und die Anlagen in Betrieb. <br><br><strong>Verwaltung \/ Gesch\u00e4ftsf\u00fchrung:<\/strong><br><\/p>\n\n\n\n<figure class=\"wp-block-image size-full\"><img loading=\"lazy\" decoding=\"async\" width=\"468\" height=\"332\" src=\"https:\/\/solammerswil.ch\/wp-content\/uploads\/2024\/07\/Wer-240728.jpg\" alt=\"\" class=\"wp-image-263\" srcset=\"https:\/\/solammerswil.ch\/wp-content\/uploads\/2024\/07\/Wer-240728.jpg 468w, https:\/\/solammerswil.ch\/wp-content\/uploads\/2024\/07\/Wer-240728-300x213.jpg 300w\" sizes=\"auto, (max-width: 468px) 100vw, 468px\" \/><\/figure>\n","protected":false},"excerpt":{"rendered":"<p>Die Idee eine Solargenossenschaft zu gr\u00fcnden entstand schon vor einiger Zeit und g\u00e4rte dann ein paar Jahre bis zur Reife. Pl\u00f6tzlich ging es schnell. Nach einer \u00f6ffentlichen Informationsveranstaltung im Januar 2023 wurde die Genossenschaft im April gegr\u00fcndet. Aus der drei k\u00f6pfigen Initiantengruppe ist in sehr kurzer Zeit eine offizielle Genossenschaft<\/p>\n","protected":false},"author":2,"featured_media":0,"parent":0,"menu_order":0,"comment_status":"closed","ping_status":"closed","template":"","meta":{"footnotes":""},"class_list":["post-194","page","type-page","status-publish","hentry"],"_links":{"self":[{"href":"https:\/\/solammerswil.ch\/index.php?rest_route=\/wp\/v2\/pages\/194","targetHints":{"allow":["GET"]}}],"collection":[{"href":"https:\/\/solammerswil.ch\/index.php?rest_route=\/wp\/v2\/pages"}],"about":[{"href":"https:\/\/solammerswil.ch\/index.php?rest_route=\/wp\/v2\/types\/page"}],"author":[{"embeddable":true,"href":"https:\/\/solammerswil.ch\/index.php?rest_route=\/wp\/v2\/users\/2"}],"replies":[{"embeddable":true,"href":"https:\/\/solammerswil.ch\/index.php?rest_route=%2Fwp%2Fv2%2Fcomments&post=194"}],"version-history":[{"count":5,"href":"https:\/\/solammerswil.ch\/index.php?rest_route=\/wp\/v2\/pages\/194\/revisions"}],"predecessor-version":[{"id":348,"href":"https:\/\/solammerswil.ch\/index.php?rest_route=\/wp\/v2\/pages\/194\/revisions\/348"}],"wp:attachment":[{"href":"https:\/\/solammerswil.ch\/index.php?rest_route=%2Fwp%2Fv2%2Fmedia&parent=194"}],"curies":[{"name":"wp","href":"https:\/\/api.w.org\/{rel}","templated":true}]}}