{"id":2,"date":"2023-01-24T11:56:41","date_gmt":"2023-01-24T11:56:41","guid":{"rendered":"http:\/\/solammerswil.ch\/?page_id=2"},"modified":"2026-02-08T12:36:53","modified_gmt":"2026-02-08T12:36:53","slug":"sample-page","status":"publish","type":"page","link":"https:\/\/solammerswil.ch\/","title":{"rendered":"Aktuelles"},"content":{"rendered":"\n<p><strong>08. Februar 2026<\/strong><br>Vorank\u00fcndigung der Generalversammlung 26<br>Die GV findet am 20. Mai 2026 um 19:30 Uhr statt. <br>Neben den \u00fcblichen GV-Traktanden werden wir voraussichtlich die Themen Batterien und LEG auf der Traktandenliste haben.<br>Die Einladung wird rechtzeitig per Mail verschickt<\/p>\n\n\n\n<p><\/p>\n\n\n\n<p class=\"has-accent-background-color has-background\"><strong>04. Februar 2026<\/strong> &#8211; <strong><mark style=\"background-color:rgba(0, 0, 0, 0)\" class=\"has-inline-color has-highlight-color\">f\u00fcr Produzenten<\/mark><\/strong><br>AZ von heute &#8211; Steuerbeilage Seite 6:<br>Seit dem 1.1.2026 gibt es eine Neuregelung bez\u00fcglich Besteuerung der Einspeiseverg\u00fctung. <br>Zum einen gibt es jetzt eine Wesentlichkeitsgrenze von 10&#8217;000kWh. Bleibt die Gesamteinspeisung unter diesem Wert, ist das in der Regel nicht steuerbar (Sorry, &#8222;in der Regel&#8220; steht so in der Zeitung).<br>Zum anderen gilt das Nettoprinzip: Einspeiseverg\u00fctungen sind nur zu versteuern wenn sie h\u00f6her sind als die Kosten des Strombezuges. Beide gezeigten Beispiele zum Nettoprinzip sind in Franken gerechnet (nicht in kWh!), damit d\u00fcrften f\u00fcr die meisten EHF-Produzenten das versteuren dieser Einnahmen wegfallen.<br><br>Achtung: die \u00c4nderung fand auf den 1.1.2026 statt und d\u00fcrfte f\u00fcr die jetzt anfallende Steuerkl\u00e4rung (f\u00fcr 2025) noch keine G\u00fcltigkeit haben.<\/p>\n\n\n\n<p class=\"has-light-gray-background-color has-background\"><strong>01. Dezember 2025<\/strong><br>Im Sommer \u2013 vor allem \u00fcber Mittag \u2013 hat es zu viel Solarstrom, im Winter eher zu wenig.<br>Darum wird Eigenverbrauch gef\u00f6rdert und die EW\u2019s erhalten f\u00fcr 2026 M\u00f6glichkeiten die Abnahme von Solarstrom zu begrenzen.<br><br><strong>\u00c4nderungen 2026<\/strong><br>Die EW\u2019s haben f\u00fcr das Jahr 2026 die Verg\u00fctung f\u00fcr eingespeisten Solarstrom angepasst. Grundlage daf\u00fcr sind die Energiestrategie 2050 sowie die schweizweite Harmonisierung der Einspeisetarife (Mantelerlass, Abstimmung Sommer 2024). Die Mindestverg\u00fctung h\u00e4ngt neu von der Gr\u00f6sse der Solaranlage und von der Menge des selbst verbrauchten Stroms ab.<br>Neue Mindestverg\u00fctungen (\u00c4nderung der Energieverordnung vom 19.02.2025)<br>\u2022 Solaranlagen bis 30 kW (mit oder ohne Eigenverbrauch): 6 Rp.\/kWh<br>\u2022 Solaranlagen von 30 bis 150 kW ohne Eigenverbrauch: 6,2 Rp.\/kWh<br>\u2022 Solaranlagen von 30 bis 150 kW mit Eigenverbrauch: Die Mindestverg\u00fctung wird mit der Formel 180 \/<br>   Anlagenleistung berechnet. Beispiel: Eine 60-kW-Anlage erh\u00e4lt 3 Rp.\/kWh.<br>\u2022 Solaranlagen \u00fcber 150 kW: Keine Mindestverg\u00fctung<br>Die SOLAmmeRswil betreibt alle ihre Anlagen mit Eigenverbrauch. Das AEW, unser Abnehmer, hat daraus zwei Abnahmemodelle und ein Zusatzprodukt geschaffen: Fixpreis, Referenzmarkpreis und FlexPV.<br>Die Anlagen beim Schulhaus und beim Werkhof sind gr\u00f6sser als 30 kW. Deshalb gilt dort das AEW-Tarifmodell \u201eReferenzmarktpreis\u201c.<br>Bei der Anlage an der Zihlrainstrasse konnten wir zwischen dem Fixpreis inklusive Herkunftsnachweis (HKN) und dem Referenzmarktpreis w\u00e4hlen. Die Gesch\u00e4ftsleitung hat am 26.11. beschlossen, das Tarifmodell Referenzmarktpreis zu w\u00e4hlen.<\/p>\n\n\n\n<hr class=\"wp-block-separator has-alpha-channel-opacity\"\/>\n\n\n\n<p class=\"has-light-gray-background-color has-background\"><strong>Massnahmen f\u00fcr 2026 zur Steigerung des Eigenverbrauchs<\/strong><br>1. Antrag an der Generalversammlung zur Anschaffung von Stromspeichern f\u00fcr Schule und Werkhof<br> Sobald diese Speicher in Betrieb sind, lohnt sich die zus\u00e4tzliche Option AEW FlexPV.<br>2. Antrag an der GV zum Aufbau einer Lokalen Energiegemeinschaft (LEG)<br> Damit k\u00f6nnen wir gemeinsam mehr g\u00fcnstigen, lokalen Solarstrom nutzen.<br> Alle Genossenschafter der SOLAmmeRswil k\u00f6nnen der LEG beitreten.<br> Auch Solaranlagenbesitzer in Ammerswil k\u00f6nnen mitmachen \u2013 Voraussetzung ist, dass sie Genossenschafter werden.<br>Alle Stromkonsumenten in Ammerswil k\u00f6nnen teilnehmen, solange die AEW-Vorgaben f\u00fcr eine LEG eingehalten werden. Weitere Details gibt es an der Generalversammlung.<br><br>Empfehlungen f\u00fcr Anlagenbesitzer zur Produktewahl beim AEW sind per Mail an unser Mitglieder gegangen.<\/p>\n\n\n\n<ol class=\"wp-block-list\">\n<li><\/li>\n<\/ol>\n\n\n\n<p><strong>9. November 2025<\/strong><br>Der Link zur Anlage <a href=\"https:\/\/uni005eu5.fusionsolar.huawei.com\/pvmswebsite\/nologin\/assets\/build\/cloud.html#\/kiosk?kk=0qzn3AzdBOec9PMe0ppo685MBzh8ypdh\" target=\"_blank\" rel=\"noreferrer noopener\">Zihlrainstrasse<\/a> konnte endlich aufgeschaltet werden.<br>Wegen \u00c4nderungen im WordPress erhielt auch die Webseite ein leicht ver\u00e4ndertes Layout<\/p>\n\n\n\n<p><\/p>\n\n\n\n<p class=\"has-luminous-vivid-amber-background-color has-background\"><strong>26. September 2025<\/strong><br>Die Anlage Zihlrainstrasse 15 ist in Produktion und wird baldm\u00f6glichst hier aufgeschaltet.<br>Damit ist Anlage Nummer 3 in Betrieb. Wir planen diese Anlage mit einem <a href=\"https:\/\/de.wikipedia.org\/wiki\/Zusammenschluss_zum_Eigenverbrauch\" data-type=\"link\" data-id=\"https:\/\/de.wikipedia.org\/wiki\/Zusammenschluss_zum_Eigenverbrauch\" target=\"_blank\" rel=\"noreferrer noopener\">VZEF<\/a> mit der<br>Anlage der Schule zu verbinden. Damit sollte eine bessere Nutzung der produzierten Energie m\u00f6glich sein. Wir sammeln damit auch Erfahrungen mit solchen Eigenverbrauchszusammenschl\u00fcssen.<br><br>Ebenfalls diese Woche wurde das Gemeindehaus auf den Anschluss Werkhof umgeh\u00e4ngt.  Der Eigenverbrauch der Werkhof-Anlage wird also sicher steigen. Jetzt fehlt nur noch eine gute Batterie.<\/p>\n\n\n\n<p><\/p>\n\n\n\n<p><strong>6. September 2025<\/strong><\/p>\n\n\n\n<p>Ammerswil hat nun 44 PV-Anlagen! 37 davon sind schon erfasst &#8211; sie haben 825 kWp. 9 weitere, bereits erstellte Anlagen fehlen noch in der Statistik des BFE.<\/p>\n\n\n\n<p><strong>25. August 2025<\/strong><br>Nummer 3 ist im Bau! Die Arbeiten an der Zihlrainstrasse 15 haben heute begonnen. Die Anlage hat 11.7kWp. Da es ein Wohnhaus ist, d\u00fcrfte die sp\u00e4tere Installation einer Batterie sinnvoll sein. Der Wechselrichter wurde dementsprechend ausgew\u00e4hlt.<\/p>\n\n\n\n<p class=\"has-pale-cyan-blue-background-color has-background\"><strong>10. Mai 2025<\/strong><br>Die Einladung zur GV am 21. Mai habt ihr per eMail bekommen. Ab 18:30 Uhr werden wir euch nicht nur die neue Anlage erkl\u00e4ren sondern auch Grillw\u00fcrste, Brot, Bier und Mineralwasser bereit haben.<br>Achtung, so gegen 19:15 Uhr wird der Grill abgestellt, damit die GV p\u00fcnktlich beginnen kann.<\/p>\n\n\n\n<p><strong>20. Februar 2025<\/strong><br>Vorank\u00fcndigung GV 2025<br>Die <mark style=\"background-color:rgba(0, 0, 0, 0)\" class=\"has-inline-color has-luminous-vivid-orange-color\"><strong>GV findet am Mittwoch, 21. Mai 2025<\/strong> <strong>im Petterssonhaus<\/strong><\/mark> statt &#8211; also direkt unter unserem zweiten<br>Kraftwerk. Die Einladung mit Traktandenliste werden wir rechtzeitig per eMail verschicken.<br><\/p>\n\n\n\n<p class=\"has-luminous-vivid-amber-background-color has-background\"><strong>14. November 2024<\/strong><br>Ein weiterer Meilenstein ist erreicht &#8211; die Anlage auf dem Schulcontainer ist auch in Betrieb. Leider war ein Aussenkasten f\u00fcr den Wechselrichter n\u00f6tig und momentan fehlt noch ein Datenkabel damit wir den Eigenverbrauch der Schule messen k\u00f6nnen. <br>Die Produktionsdaten beider Anlagen k\u00f6nnen \u00fcber die Links im Feld &#8222;Produktionsdaten&#8220; angeschaut werden.<\/p>\n\n\n\n<p><strong>01.September 2024<\/strong><br>29 Sonnenkraftwerke laufen momentan in Ammerswil mit einer Spitzenleistung von 555.65kWp.<br>24 davon sind hier aufgef\u00fchrt: <a href=\"https:\/\/map.geo.admin.ch\/#\/map?lang=de&amp;center=2657947.91,1247118.86&amp;z=9&amp;bgLayer=ch.swisstopo.pixelkarte-grau&amp;topic=energie&amp;layers=ch.bfe.elektrizitaetsproduktionsanlagen&amp;catalogNodes=energie,2420,2427,2480,2429,2431,2434,2436,2767,2441,3206,2419\" target=\"_blank\" rel=\"noreferrer noopener\">Ammerswiler Kraftwerke<\/a> , davon wurden zwei 2024 wesentlich ausgebaut.<br>Weitere f\u00fcnf Anlagen wurden 2024 neu erstellt und d\u00fcrften bald mal auch auf dieser Karte der Kraftwerke erscheinen. Nummer 30 kommt sp\u00e4testens Ende September: SOLAmmeRswil baut auf dem Pettersonhaus (Schulcontainer) eine 45 kWp Anlage.<br>Ammerswil d\u00fcrfte damit an guten Tagen mehr Strom produzieren als es verbraucht<\/p>\n\n\n\n<p class=\"has-black-color has-light-green-cyan-background-color has-text-color has-background has-link-color wp-elements-4685d34abde2f9a596429de5432ff24c\"><strong>3. Mai 2024<\/strong><br>Seit heute Freitag, 3. Mai 2024 l\u00e4uft unsere erste Anlage. Kurz vor 10Uhr startete die Produktion.<br>Auf den beiden Dachseiten des Werkhofes wurden 120 Module (AXIPerfect FXXL WB AC-435TFM\/108WB) mit einer Maximalleistung von 52.2kWp verbaut. Der Wechselrichter SUN2000-40KTL-M3 von Huawei macht daraus Wechselstrom der entweder hausintern verbraucht oder aufs AEW-Netz eingespeist wird. Aktuelle und bald auch historische Produktionsdaten k\u00f6nnt ihr <a href=\"https:\/\/uni004eu5.fusionsolar.huawei.com\/pvmswebsite\/nologin\/assets\/build\/cloud.html#\/kiosk?kk=1o9POB7sMs768KFyHMnHbxLMib6681Cd\" target=\"_blank\" rel=\"noreferrer noopener nofollow\"><strong><mark style=\"background-color:rgba(0, 0, 0, 0)\" class=\"has-inline-color has-vivid-red-color\">HIER<\/mark><\/strong><\/a> einsehen.<\/p>\n\n\n\n<p class=\"has-cyan-bluish-gray-background-color has-background\"><strong>29. Februar 2024<\/strong><br>Liebe Mitglieder\/Genossenschafter-Innen<br>Die Steuererkl\u00e4rung ist bald f\u00e4llig! Eure Anteile bei SOLAmmeRswil m\u00fcssen bei den Wertschriften eingetragen werden. Die entsprechenden Zahlen hat euch Arthur vor ein paar Tagen per Mail zukommen lassen. Die Anteile an SOLAmmeRswil sind ein nicht an der B\u00f6rse gehandelter Wert eines Aargauer Unternehmens &#8211; das gibt 50% Rabatt! Der Eintrag in Easy-Tax muss so aussehen:<br><img loading=\"lazy\" decoding=\"async\" width=\"350\" height=\"298\" class=\"wp-image-223\" style=\"width: 350px;\" src=\"https:\/\/solammerswil.ch\/wp-content\/uploads\/2024\/02\/Steuern.jpg\" alt=\"\" srcset=\"https:\/\/solammerswil.ch\/wp-content\/uploads\/2024\/02\/Steuern.jpg 508w, https:\/\/solammerswil.ch\/wp-content\/uploads\/2024\/02\/Steuern-300x255.jpg 300w\" sizes=\"auto, (max-width: 350px) 100vw, 350px\" \/><br>Diese Info wurde beim kantonalen Steueramt (Wertschriftenbewertung) so verifiziert.<br>Wer seine Steuererkl\u00e4rung schon abgeben hat: kein Angst &#8211; Aarau wird es korrigieren!<\/p>\n\n\n\n<p><br><strong>14. Januar 2024<\/strong><br><br>Vorank\u00fcndigung Generalversammlung 2024: <br>Die <strong><mark style=\"background-color:rgba(0, 0, 0, 0)\" class=\"has-inline-color has-luminous-vivid-orange-color\">GV wird am 15. Mai 2024 um 19:30 Uhr im Gemeindesaal<\/mark><\/strong> stattfinden.<br>Die Einladung mit den Traktanden werden wir euch rechtzeitig per e-Mail zuschicken.<\/p>\n\n\n\n<p class=\"has-light-green-cyan-background-color has-background\"><strong>24. Dezember 2023<\/strong><br>Die Vertr\u00e4ge mit der Gemeinde f\u00fcr das Projekt Werkhof wurden am 22. Dezember unterschrieben. <br>Die Vertr\u00e4ge dienen auch als Grundlage f\u00fcr weitere Projekt. Wir erwarten da jeweils nur minimale Anpassungen.<br>Zuerst geht es jetzt aber mit dem Werkhof vorw\u00e4rts. Die Verwaltung wird sich im Januar treffen und die weiteren Schritte in die Wege leiten.  Vorgesehen ist eine Stromproduktion ab Fr\u00fchling 24.<br><br><strong>Sch\u00f6\u00f6\u00f6\u00f6ni Wiehnacht ond es GUETS N\u00d6IS!!<\/strong><\/p>\n\n\n\n<p><\/p>\n\n\n\n<p><strong>5. November 2023<\/strong><br>Die Vertr\u00e4ge mit der Gemeinde wurden nach der Sitzung mit dem Gemeinderat angepasst. Die Bereinigung betraf mehr Unklarheiten als wirkliche Differenzen. Wir sind zuversichtlich f\u00fcr eine baldige Einigung.<br><br>Die notwendige Analyse des Schulhausdaches war nicht ganz so positiv. Bevor da eine PV-Anlage installiert wird, ist eine Sanierung dringend empfohlen &#8211; das Dach muss ja dann rund 30 Jahre funktionieren. Das Projekt Schulhaus wird also erstmal schubladisiert aber wir haben ja mit dem Werkhof (fertig ausgearbeitet), dem Gemeindehaus (Grobofferte) und drei weiteren Geb\u00e4uden (in Planung) gen\u00fcgend Projekte. Gebaut wird aber leider erst 2024.<br><br>Anmerkung Hape: bei mir pers\u00f6nlich geht es schneller &#8211; das Material f\u00fcr die In-Dachanlage wurde angeliefert<\/p>\n\n\n\n<p><\/p>\n\n\n\n<p class=\"has-black-color has-luminous-vivid-amber-background-color has-text-color has-background\"><strong>24. September 2023<\/strong><br>Die Vertr\u00e4ge sind auf gutem Weg und gehen n\u00e4chstens an die Gemeinde. Bei der Finanzierung harzt es noch etwas.  Da wir nach dem Bau ein paar Wochen auf die F\u00f6rderbeitr\u00e4ge warten m\u00fcssen, reicht unser momentanes Verm\u00f6gen zwar f\u00fcr die Nettoinvestition aber wir k\u00f6nnen die F\u00f6rderbeitr\u00e4ge nicht vorfinanzieren um Schulhaus und Werkhof kostensparend zusammen zu realisieren. <br>Neumitglieder oder bestehende Mitglieder, die ein paar Anteilscheine mehr kaufen m\u00f6chten werden also gesucht. Werden wir nicht f\u00fcndig, werden die zwei Anlagen in Etappen realisiert.<br>Mitglied werden oder zus\u00e4tzliche<a href=\"https:\/\/solammerswil.ch\/?page_id=51\"> Anteilscheine kaufen kann man hier<\/a><\/p>\n\n\n\n<p><strong>26. August 2023<\/strong><br>Die Sommerferien sind vorbei und damit ist auch die Referendumsfrist der Gemeindeversammlungsbeschl\u00fcsse abgelaufen. Wir arbeiten momentan an den Vertr\u00e4gen zur Ben\u00fctzung der Dachfl\u00e4chen und den Werkvertr\u00e4gen.<br>Erstaunlich ist, wie viel unn\u00f6tige Post ein Handelsregistereintrag ausl\u00f6st. Von teilweise offiziell aussehenden Rechnungen f\u00fcr v\u00f6llig nutzlose Adressbucheintragungen zu Fantasiepreisen \u00fcber Angebote<br>von Briefpapier bis zu Webseiten f\u00fcr einige tausend Franken kommt vieles herein.<br>Die erhalten Steuerrechnung sieht allerdings sehr offiziell aus und die verlangten Fr. 13.35 f\u00fcr das Jahr 2023 sind in einem vern\u00fcnftigen Rahmen &#8211; die werden wir bezahlen.<\/p>\n\n\n\n<p class=\"has-vivid-green-cyan-background-color has-background\"><strong>01. Juli 2023<\/strong><br>Die Genossenschaft SOLAmmeRswil ist endlich offiziell registriert. Wir sind auf den offiziellen Verzeichnissen auffindbar. Damit und mit den Beschl\u00fcssen der a.o. GV vom 16. Juni sind wir einen grossen Schritt weiter.<\/p>\n\n\n\n<p class=\"has-white-background-color has-background\">Einladung zur<br><strong>Ausserordentlichen Mitgliederversammlung<br>Freitag, 16. Juni 2023, um 19:30 Uhr im Gemeindesaal Ammerswil<\/strong><\/p>\n\n\n\n<ol style=\"list-style-type:1\" class=\"wp-block-list\">\n<li>Protokoll der Gr\u00fcndungsversammlung<\/li>\n\n\n\n<li>Budget 2023 (ohne Anlagen)<\/li>\n\n\n\n<li>Budget Anlagen<\/li>\n\n\n\n<li>Wahl eines weiteren Rechnungsrevisor<\/li>\n\n\n\n<li>Ausblick und Verschiedenes<br><br><a href=\"https:\/\/solammerswil.ch\/?page_id=14\" target=\"_blank\" rel=\"noreferrer noopener\">zur vollst\u00e4ndigen Einladung<\/a><\/li>\n<\/ol>\n\n\n\n<p><\/p>\n\n\n\n<p class=\"has-pale-cyan-blue-background-color has-background\"><strong>Achtung zwei wichtige Termine:<\/strong><br>  7. Juni 2023    <strong>Gemeindeversammlung<\/strong> mit dem Traktandum &#8222;Baurechtsvertr\u00e4ge f\u00fcr PV-Anlagen&#8220;<br>16. Juni 2023    <strong>Ausserordentliche Generalversammlung von SOLAmmeRswil<\/strong>  &#8211; die offizielle Einladung   <br>                         geht in den n\u00e4chsten Tage per eMail raus. Wir wollen Beschl\u00fcsse fassen, damit die ersten<br>                         Anlagen schnell in Betrieb gehen k\u00f6nnen.<\/p>\n\n\n\n<p class=\"has-white-background-color has-background\"><strong>13. Mai 2023<\/strong><br>Es hat nochmals eine zweite Gr\u00fcndung gegeben &#8211; im kleinen Rahmen!<br>Die Ger\u00fcchte am Gr\u00fcndungsap\u00e9ro haben sich als zutreffend erwiesen: seit dem 1.1.2023 gehen Gr\u00fcndungen von Genossenschaften nicht mehr ohne Notar.  Auf dem Internet ist \u00fcber diese Tatsache kaum etwas zu finden und das Handelsregisteramt hat bei der vorg\u00e4ngigen Kl\u00e4rung einer Detailfrage ebenfalls nichts erw\u00e4hnt. Auch f\u00fcr das nun engagierte Notariatsb\u00fcro war es Neuland. <br>Mit dem Minimum von 7 Gr\u00fcndern (Marina, Monika, Andri, Arthur, Daniel, Marc und Hape) wurde diese<br>rechtlich korrekte Gr\u00fcndung am 11. Mai innert 17 Minuten erledigt.<br>Gr\u00fcndungsurkunde und Statuten sind nun beglaubigt und alle am 5. April Gew\u00e4hlten haben nochmals<br>die Annahme der Wahl bet\u00e4tigt. Der Ball liegt nun beim Handelsregisteramt.<br><\/p>\n\n\n\n<p class=\"has-luminous-vivid-amber-background-color has-background\"><strong>5. April 2023<\/strong><br>31 Gr\u00fcnder waren an der heutigen Versammlung anwesend und ein paar weitere haben sich zus\u00e4tzlich bei der Gr\u00fcndungsversammlung schriftlich als Genossenschafter angemeldet.<br>Die Statuten sind genehmigt,  Verwaltung und  Kontrollstelle gew\u00e4hlt und in einer richtigen<br>Kampfabstimmung wurde ein neues Logo ausgew\u00e4hlt.<br>SOLAmmeRswil startet!<\/p>\n\n\n\n<p class=\"has-vivid-red-color has-text-color\"><strong>Habt Ihr euch den 5. April reserviert?  Gut!  Ab 19:30 Uhr gehts im Gemeindesaal los!<\/strong><\/p>\n\n\n\n<p class=\"has-background has-medium-font-size\" style=\"background-color:#7bdbb5ad\"><mark style=\"background-color:rgba(0, 0, 0, 0);color:#8f0404\" class=\"has-inline-color\"><strong>Unterlagen Gr\u00fcndungsversammlung<\/strong><\/mark><br>Die Unterlagen f\u00fcr die Gr\u00fcndungsversammlung von 5. April sind online<br>&#8211; die Einladung<br>&#8211; die provisorischen Statuten<br>&#8211; Beitrittserkl\u00e4rung (verbindlich nach Gr\u00fcndung mit g\u00fcltiger Unterschrift)<br>   Bitte die Beitrittserkl\u00e4rung vorausgef\u00fcllt an die Gr\u00fcndungsversammlung mitnehmen<br><br><a href=\"https:\/\/solammerswil.ch\/dokumemte\/\">&#8211;&gt; zu den Dokumenten<\/a><\/p>\n\n\n\n<p><\/p>\n\n\n\n<h1 class=\"wp-block-heading has-background has-medium-font-size\" style=\"background-color:#0792e330\"><strong>Gr\u00fcndungsversammlung &#8211; Mittwoch, 5. April 2023 um 19:30 Uhr im Gemeindesaal<\/strong><\/h1>\n\n\n\n<p class=\"has-medium-font-size\">Um Ostern und Fr\u00fchlingsferien aus dem Weg zu gehen haben wir den urspr\u00fcnglichen Termin noch einen Tag nach vorne ger\u00fcckt. Details folgen in den n\u00e4chsten Tagen, per Mail f\u00fcr all jene, die sich schon zum Beitritt entschlossen haben und zus\u00e4tzlich nochmals per Flugblatt an alle Haushalte in Ammerswil.<\/p>\n\n\n\n<p class=\"has-background has-medium-font-size\" style=\"background-color:#ff3d0036\">Wir hatten am Donnerstag eine kurze Vorbereitungssitzung f\u00fcr die Gr\u00fcndung.<br>Es sind bereits fast 30 Leute die Genossenschafter werden wollen. Das provisorisch zugesagte Kapital reicht sicher f\u00fcr eine erste Anlage und ein zweites Projekt d\u00fcrfte bald in Reichweite sein.<br>F\u00fcr die Verwaltung\/Gesch\u00e4ftsf\u00fchrung haben wir das Minimum von 5 Kandidaten, bei den Revisoren ben\u00f6tigen wir sicher noch einen zweiten Kandidaten.<br>Das ist nicht selbstverst\u00e4ndlich &#8211; <strong>herzlichen Dank<\/strong><\/p>\n\n\n\n<p class=\"has-background has-medium-font-size\" style=\"background-color:#13d10045\">36 Stunden nach der Infoveranstaltung sieht alles vielversprechend aus. Wir haben sicher eine gen\u00fcgende Anzahl von Gr\u00fcndungsmitgliedern und auch f\u00fcr die Finanzierung einer ersten PV-Anlage d\u00fcrfte gelingen.<br>Danke f\u00fcr das tolle Feedback!<br>Wer die kurze Umfrage noch nicht ausgef\u00fcllt hat &#8211; bitte den online Fragebogen (weiter unten auf dieser Seite) noch ausf\u00fcllen.<\/p>\n\n\n\n<p class=\"has-background has-medium-font-size\" style=\"background-color:#ead31d63\"><strong>Infoveranstaltung vom 26. Januar 2023<\/strong><br>Wir haben nicht gez\u00e4hlt aber es waren sicher 50 Leute anwesend &#8211; super!<br>Die wichtigsten Unterlagen sind unter <a rel=\"noreferrer noopener\" href=\"https:\/\/solammerswil.ch\/dokumemte\/\" target=\"_blank\">Dokumente<\/a> abgelegt. Wenn Ihr weitere spezifische Fragen habt, kontaktiert bitte den Zust\u00e4ndigen. Mailadressen und Telefonnummern sind in der Pr\u00e4sentation von heute enthalten oder auf der Seite <a rel=\"noreferrer noopener\" href=\"https:\/\/solammerswil.ch\/solammerswil\/\" target=\"_blank\">SOLAmmeRswi<\/a>l.<br>Neben zwei weiteren Mitgliedern in der Verwaltung sind \u00fcbrigens auch noch zwei Revisorenjobs zu vergeben.<br><br><mark style=\"background-color:rgba(0, 0, 0, 0);color:#bc0202\" class=\"has-inline-color\">&#8230;.. und bitte f\u00fcllt den untenstehenden Fragebogen aus &#8211; wir brauchen Anhaltspunkt f\u00fcr die Planung!<\/mark>  Danke!<\/p>\n\n\n\n<p class=\"has-background has-medium-font-size\" style=\"background-color:#7bdbb524\"><strong>Fragebogen<\/strong><br>Neben der Informationsveranstaltung vom 16. Januar werden wir auf dieser Webseite \u00fcber die n\u00e4chsten Schritte informieren. Nat\u00fcrlich ben\u00f6tigen wir auch Feedback wie die Idee ankommt und ob gen\u00fcgend Leute bei SOLAmmeRswil mitmachen. Ihr k\u00f6nnt auch uns direkt kontaktieren aber bitte f\u00fcllt bei Interesse auch dieses online Formular aus: <br><br><a rel=\"noreferrer noopener\" href=\"https:\/\/forms.office.com\/e\/zEgqX7cn7s\" target=\"_blank\">Fragebogen SOLAmmeRswil<\/a><\/p>\n\n\n\n<figure class=\"wp-block-image size-full\"><img loading=\"lazy\" decoding=\"async\" width=\"180\" height=\"180\" src=\"https:\/\/solammerswil.ch\/wp-content\/uploads\/2023\/01\/Umfrage.jpg\" alt=\"QR-Code f\u00fcr Fragebogen\" class=\"wp-image-34\" srcset=\"https:\/\/solammerswil.ch\/wp-content\/uploads\/2023\/01\/Umfrage.jpg 180w, https:\/\/solammerswil.ch\/wp-content\/uploads\/2023\/01\/Umfrage-150x150.jpg 150w\" sizes=\"auto, (max-width: 180px) 100vw, 180px\" \/><figcaption class=\"wp-element-caption\">QR f\u00fcr Fragebogen<br><\/figcaption><\/figure>\n\n\n\n<p class=\"has-background has-medium-font-size\" style=\"background-color:#7bdbb524\">SOLAmmeRswil ist erst im Aufbaubegriffen. Unser Zeitplan sieht momentan so aus:<\/p>\n\n\n\n<figure class=\"wp-block-image size-full\"><img loading=\"lazy\" decoding=\"async\" width=\"643\" height=\"367\" src=\"https:\/\/solammerswil.ch\/wp-content\/uploads\/2023\/01\/Terminplan-Jan23.jpg\" alt=\"Initiale Planung SOLAmmeRswil\" class=\"wp-image-21\" srcset=\"https:\/\/solammerswil.ch\/wp-content\/uploads\/2023\/01\/Terminplan-Jan23.jpg 643w, https:\/\/solammerswil.ch\/wp-content\/uploads\/2023\/01\/Terminplan-Jan23-300x171.jpg 300w\" sizes=\"auto, (max-width: 643px) 100vw, 643px\" \/><\/figure>\n\n\n\n<p class=\"has-background has-medium-font-size\" style=\"background-color:#7bdbb524\"><br>Die erste Seite ist online \ud83d\ude42<\/p>\n\n\n\n<p><\/p>\n\n\n\n<p><\/p>\n","protected":false},"excerpt":{"rendered":"<p>08. Februar 2026Vorank\u00fcndigung der Generalversammlung 26Die GV findet am 20. Mai 2026 um 19:30 Uhr statt. Neben den \u00fcblichen GV-Traktanden werden wir voraussichtlich die Themen Batterien und LEG auf der Traktandenliste haben.Die Einladung wird rechtzeitig per Mail verschickt 04. Februar 2026 &#8211; f\u00fcr ProduzentenAZ von heute &#8211; Steuerbeilage Seite 6:Seit<\/p>\n","protected":false},"author":2,"featured_media":0,"parent":0,"menu_order":0,"comment_status":"closed","ping_status":"open","template":"","meta":{"footnotes":""},"class_list":["post-2","page","type-page","status-publish","hentry"],"_links":{"self":[{"href":"https:\/\/solammerswil.ch\/index.php?rest_route=\/wp\/v2\/pages\/2","targetHints":{"allow":["GET"]}}],"collection":[{"href":"https:\/\/solammerswil.ch\/index.php?rest_route=\/wp\/v2\/pages"}],"about":[{"href":"https:\/\/solammerswil.ch\/index.php?rest_route=\/wp\/v2\/types\/page"}],"author":[{"embeddable":true,"href":"https:\/\/solammerswil.ch\/index.php?rest_route=\/wp\/v2\/users\/2"}],"replies":[{"embeddable":true,"href":"https:\/\/solammerswil.ch\/index.php?rest_route=%2Fwp%2Fv2%2Fcomments&post=2"}],"version-history":[{"count":63,"href":"https:\/\/solammerswil.ch\/index.php?rest_route=\/wp\/v2\/pages\/2\/revisions"}],"predecessor-version":[{"id":344,"href":"https:\/\/solammerswil.ch\/index.php?rest_route=\/wp\/v2\/pages\/2\/revisions\/344"}],"wp:attachment":[{"href":"https:\/\/solammerswil.ch\/index.php?rest_route=%2Fwp%2Fv2%2Fmedia&parent=2"}],"curies":[{"name":"wp","href":"https:\/\/api.w.org\/{rel}","templated":true}]}}