{"id":51,"date":"2023-01-25T21:15:27","date_gmt":"2023-01-25T21:15:27","guid":{"rendered":"http:\/\/solammerswil.ch\/membership-login\/"},"modified":"2023-07-01T10:00:26","modified_gmt":"2023-07-01T10:00:26","slug":"membership-login","status":"publish","type":"page","link":"https:\/\/solammerswil.ch\/?page_id=51","title":{"rendered":"Mitglied werden?"},"content":{"rendered":"<p>Interessenten m\u00fcssen einen schriftlichen Antrag stellen &#8211; dies ist nicht unsere Idee, sondern ist gesetzlich so vorgeschrieben. Aber keine Angst, es ist einfach:<\/p>\n<ol>\n<li>Informiert euch \u00fcber SOLAmmeRswil<\/li>\n<li>Beitrittsformular herunterladen, ausf\u00fcllen und an uns schicken<br \/>&#8211; <a href=\"https:\/\/solammerswil.ch\/wp-content\/uploads\/2023\/02\/BeitrittserklaerungForm.docx\" target=\"_blank\" rel=\"noopener\">zum am PC ausf\u00fcllen<\/a><br \/>&#8211; <a href=\"https:\/\/solammerswil.ch\/wp-content\/uploads\/2023\/02\/Beitrittserklaerung.pdf\" target=\"_blank\" rel=\"noopener\">zum Handschriftlich ausf\u00fcllen<\/a><\/li>\n<\/ol>\n<p><strong><br \/>Zu beachten:<\/strong><\/p>\n<ul>\n<li>Die auf dem Beitrittsformular gemachte finanzielle Zusage ist verbindlich<\/li>\n<li>Wenn SOLAmmeRswil keinen Finanzbedarf hat, kann das Beitrittsgesuch auf eine Warteliste gesetzt werden<\/li>\n<\/ul>\n\n<div class=\"wp-block-image\">\n<figure class=\"aligncenter size-full\"><img loading=\"lazy\" decoding=\"async\" width=\"330\" height=\"119\" src=\"https:\/\/solammerswil.ch\/wp-content\/uploads\/2023\/02\/admin-als-Grafik.jpg\" alt=\"Kontakt zur Mitgliedschaft\" class=\"wp-image-117\" srcset=\"https:\/\/solammerswil.ch\/wp-content\/uploads\/2023\/02\/admin-als-Grafik.jpg 330w, https:\/\/solammerswil.ch\/wp-content\/uploads\/2023\/02\/admin-als-Grafik-300x108.jpg 300w\" sizes=\"auto, (max-width: 330px) 100vw, 330px\" \/><\/figure>\n<\/div>","protected":false},"excerpt":{"rendered":"<p>Interessenten m\u00fcssen einen schriftlichen Antrag stellen &#8211; dies ist nicht unsere Idee, sondern ist gesetzlich so vorgeschrieben. Aber keine Angst, es ist einfach: Informiert euch \u00fcber SOLAmmeRswil Beitrittsformular herunterladen, ausf\u00fcllen und an uns schicken&#8211; zum am PC ausf\u00fcllen&#8211; zum Handschriftlich ausf\u00fcllen Zu beachten: Die auf dem Beitrittsformular gemachte finanzielle Zusage<\/p>\n","protected":false},"author":2,"featured_media":0,"parent":0,"menu_order":0,"comment_status":"closed","ping_status":"closed","template":"","meta":{"footnotes":""},"class_list":["post-51","page","type-page","status-publish","hentry"],"_links":{"self":[{"href":"https:\/\/solammerswil.ch\/index.php?rest_route=\/wp\/v2\/pages\/51","targetHints":{"allow":["GET"]}}],"collection":[{"href":"https:\/\/solammerswil.ch\/index.php?rest_route=\/wp\/v2\/pages"}],"about":[{"href":"https:\/\/solammerswil.ch\/index.php?rest_route=\/wp\/v2\/types\/page"}],"author":[{"embeddable":true,"href":"https:\/\/solammerswil.ch\/index.php?rest_route=\/wp\/v2\/users\/2"}],"replies":[{"embeddable":true,"href":"https:\/\/solammerswil.ch\/index.php?rest_route=%2Fwp%2Fv2%2Fcomments&post=51"}],"version-history":[{"count":5,"href":"https:\/\/solammerswil.ch\/index.php?rest_route=\/wp\/v2\/pages\/51\/revisions"}],"predecessor-version":[{"id":181,"href":"https:\/\/solammerswil.ch\/index.php?rest_route=\/wp\/v2\/pages\/51\/revisions\/181"}],"wp:attachment":[{"href":"https:\/\/solammerswil.ch\/index.php?rest_route=%2Fwp%2Fv2%2Fmedia&parent=51"}],"curies":[{"name":"wp","href":"https:\/\/api.w.org\/{rel}","templated":true}]}}